{"id":1594,"date":"2018-11-07T13:00:44","date_gmt":"2018-11-07T11:00:44","guid":{"rendered":"http:\/\/designontampere.com\/popup-copy\/"},"modified":"2024-04-10T14:23:30","modified_gmt":"2024-04-10T12:23:30","slug":"dotshopsokos","status":"publish","type":"page","link":"https:\/\/vanha.designontampere.com\/Vanha\/dotshopsokos\/","title":{"rendered":"DesignOnTampere shop Sokos"},"content":{"rendered":"\t\t<div data-elementor-type=\"wp-post\" data-elementor-id=\"1594\" class=\"elementor elementor-1594\">\n\t\t\t\t\t\t<div class=\"elementor-inner\">\n\t\t\t\t<div class=\"elementor-section-wrap\">\n\t\t\t\t\t\t\t\t\t<section class=\"elementor-section elementor-top-section elementor-element elementor-element-39732099 elementor-section-height-min-height elementor-section-boxed elementor-section-height-default elementor-section-items-middle\" data-id=\"39732099\" data-element_type=\"section\" data-settings=\"{&quot;background_background&quot;:&quot;classic&quot;}\">\n\t\t\t\t\t\t\t<div class=\"elementor-background-overlay\"><\/div>\n\t\t\t\t\t\t\t<div class=\"elementor-container elementor-column-gap-default\">\n\t\t\t\t\t\t\t<div class=\"elementor-row\">\n\t\t\t\t\t<div class=\"elementor-column elementor-col-100 elementor-top-column elementor-element elementor-element-1da3cf8f\" data-id=\"1da3cf8f\" data-element_type=\"column\">\n\t\t\t<div class=\"elementor-column-wrap elementor-element-populated\">\n\t\t\t\t\t\t\t<div class=\"elementor-widget-wrap\">\n\t\t\t\t\t\t<div class=\"elementor-element elementor-element-7dd867f2 elementor-widget elementor-widget-heading\" data-id=\"7dd867f2\" data-element_type=\"widget\" data-widget_type=\"heading.default\">\n\t\t\t\t<div class=\"elementor-widget-container\">\n\t\t\t<h1 class=\"elementor-heading-title elementor-size-default\">DesignOnTampere Shop<\/h1>\t\t<\/div>\n\t\t\t\t<\/div>\n\t\t\t\t<div class=\"elementor-element elementor-element-773b3e73 elementor-widget elementor-widget-text-editor\" data-id=\"773b3e73\" data-element_type=\"widget\" data-widget_type=\"text-editor.default\">\n\t\t\t\t<div class=\"elementor-widget-container\">\n\t\t\t\t\t\t\t\t<div class=\"elementor-text-editor elementor-clearfix\">\n\t\t\t\t<p>40 neli\u00f6t\u00e4 kotimaista muotoilua Tampereen Sokosella<br \/>4.kerros (H\u00e4meenkatu 21)<\/p>\t\t\t\t\t<\/div>\n\t\t\t\t\t\t<\/div>\n\t\t\t\t<\/div>\n\t\t\t\t\t\t<\/div>\n\t\t\t\t\t<\/div>\n\t\t<\/div>\n\t\t\t\t\t\t\t\t<\/div>\n\t\t\t\t\t<\/div>\n\t\t<\/section>\n\t\t\t\t<section class=\"elementor-section elementor-top-section elementor-element elementor-element-559bc40c elementor-section-content-middle elementor-section-boxed elementor-section-height-default elementor-section-height-default\" data-id=\"559bc40c\" data-element_type=\"section\">\n\t\t\t\t\t\t<div class=\"elementor-container elementor-column-gap-no\">\n\t\t\t\t\t\t\t<div class=\"elementor-row\">\n\t\t\t\t\t<div class=\"elementor-column elementor-col-100 elementor-top-column elementor-element elementor-element-f4e0282\" data-id=\"f4e0282\" data-element_type=\"column\">\n\t\t\t<div class=\"elementor-column-wrap elementor-element-populated\">\n\t\t\t\t\t\t\t<div class=\"elementor-widget-wrap\">\n\t\t\t\t\t\t<div class=\"elementor-element elementor-element-026c709 elementor-widget elementor-widget-text-editor\" data-id=\"026c709\" data-element_type=\"widget\" data-widget_type=\"text-editor.default\">\n\t\t\t\t<div class=\"elementor-widget-container\">\n\t\t\t\t\t\t\t\t<div class=\"elementor-text-editor elementor-clearfix\">\n\t\t\t\t\t\t\t\t\t<\/div>\n\t\t\t\t\t\t<\/div>\n\t\t\t\t<\/div>\n\t\t\t\t<section class=\"elementor-section elementor-inner-section elementor-element elementor-element-96671b2 elementor-section-content-middle elementor-section-boxed elementor-section-height-default elementor-section-height-default\" data-id=\"96671b2\" data-element_type=\"section\">\n\t\t\t\t\t\t<div class=\"elementor-container elementor-column-gap-no\">\n\t\t\t\t\t\t\t<div class=\"elementor-row\">\n\t\t\t\t\t<div class=\"elementor-column elementor-col-50 elementor-inner-column elementor-element elementor-element-8db95f7\" data-id=\"8db95f7\" data-element_type=\"column\">\n\t\t\t<div class=\"elementor-column-wrap elementor-element-populated\">\n\t\t\t\t\t\t\t<div class=\"elementor-widget-wrap\">\n\t\t\t\t\t\t<div class=\"elementor-element elementor-element-d3d9cc3 elementor-widget elementor-widget-heading\" data-id=\"d3d9cc3\" data-element_type=\"widget\" data-widget_type=\"heading.default\">\n\t\t\t\t<div class=\"elementor-widget-container\">\n\t\t\t<h1 class=\"elementor-heading-title elementor-size-default\"><span style=\"color: rgb(0, 0, 0); font-family: Roboto, sans-serif; font-size: 18px; font-style: normal; font-variant-ligatures: normal; font-variant-caps: normal; font-weight: 400; white-space: normal;\">DesignOnTampere Shop Tampereen Sokoksella<\/span><\/h1>\t\t<\/div>\n\t\t\t\t<\/div>\n\t\t\t\t<div class=\"elementor-element elementor-element-47e679b elementor-widget elementor-widget-text-editor\" data-id=\"47e679b\" data-element_type=\"widget\" data-widget_type=\"text-editor.default\">\n\t\t\t\t<div class=\"elementor-widget-container\">\n\t\t\t\t\t\t\t\t<div class=\"elementor-text-editor elementor-clearfix\">\n\t\t\t\t<p><strong>DesignOnTampere Shop on kasvanut ja muuttanut Sokoksen 4. kerrokseen.<\/strong><\/p>\n<p>Pirkanmaalaisten suunnittelijoiden shopissa mukana nyt:<\/p>\n<p>FAU, feelK, Humbugi, Kiedo, Kuppitehdas Uoma, Miatre, MUKA VA, Pispala Clothing, Poppanachic, Salmiak Studio, Viona Blu ja W\u00f8lmark Finland.<\/p>\n<p>Valikoimassa on laadukkaita ja tyylikk\u00e4it\u00e4 koruja, laukkuja, vaatteita, asusteita ja keramiikkaa.<\/p>\n<p>Tervetuloa ostoksille!<\/p>\n<p>DOT Shopin tuotteet maksetaan Kuopuksen kassalle.<\/p>\n<p>AVOINNA MA &#8211; PE 9 &#8211; 21, LA 9 &#8211; 19, SU 11 &#8211; 18<\/p>\t\t\t\t\t<\/div>\n\t\t\t\t\t\t<\/div>\n\t\t\t\t<\/div>\n\t\t\t\t\t\t<\/div>\n\t\t\t\t\t<\/div>\n\t\t<\/div>\n\t\t\t\t<div class=\"elementor-column elementor-col-50 elementor-inner-column elementor-element elementor-element-dd8bec2\" data-id=\"dd8bec2\" data-element_type=\"column\">\n\t\t\t<div class=\"elementor-column-wrap elementor-element-populated\">\n\t\t\t\t\t\t\t<div class=\"elementor-widget-wrap\">\n\t\t\t\t\t\t<div class=\"elementor-element elementor-element-19cd8ea elementor-widget elementor-widget-image\" data-id=\"19cd8ea\" data-element_type=\"widget\" data-widget_type=\"image.default\">\n\t\t\t\t<div class=\"elementor-widget-container\">\n\t\t\t\t\t\t\t\t<div class=\"elementor-image\">\n\t\t\t\t\t\t\t\t\t\t\t\t<img decoding=\"async\" width=\"500\" height=\"714\" src=\"https:\/\/vanha.designontampere.com\/Vanha\/wp-content\/uploads\/2022\/12\/78924572-fc7a-42bc-a1f0-96f3411a256b-e1676750075932.jpg\" class=\"attachment-medium_large size-medium_large wp-image-3846\" alt=\"\" loading=\"lazy\" srcset=\"https:\/\/vanha.designontampere.com\/Vanha\/wp-content\/uploads\/2022\/12\/78924572-fc7a-42bc-a1f0-96f3411a256b-e1676750075932.jpg 500w, https:\/\/vanha.designontampere.com\/Vanha\/wp-content\/uploads\/2022\/12\/78924572-fc7a-42bc-a1f0-96f3411a256b-e1676750075932-210x300.jpg 210w\" sizes=\"(max-width: 500px) 100vw, 500px\" \/>\t\t\t\t\t\t\t\t\t\t\t\t\t\t<\/div>\n\t\t\t\t\t\t<\/div>\n\t\t\t\t<\/div>\n\t\t\t\t<div class=\"elementor-element elementor-element-f8f3a1d elementor-widget elementor-widget-text-editor\" data-id=\"f8f3a1d\" data-element_type=\"widget\" data-widget_type=\"text-editor.default\">\n\t\t\t\t<div class=\"elementor-widget-container\">\n\t\t\t\t\t\t\t\t<div class=\"elementor-text-editor elementor-clearfix\">\n\t\t\t\t\t\t\t\t\t<\/div>\n\t\t\t\t\t\t<\/div>\n\t\t\t\t<\/div>\n\t\t\t\t\t\t<\/div>\n\t\t\t\t\t<\/div>\n\t\t<\/div>\n\t\t\t\t\t\t\t\t<\/div>\n\t\t\t\t\t<\/div>\n\t\t<\/section>\n\t\t\t\t\t\t<\/div>\n\t\t\t\t\t<\/div>\n\t\t<\/div>\n\t\t\t\t\t\t\t\t<\/div>\n\t\t\t\t\t<\/div>\n\t\t<\/section>\n\t\t\t\t<section class=\"elementor-section elementor-top-section elementor-element elementor-element-14f9690f elementor-section-content-middle elementor-section-boxed elementor-section-height-default elementor-section-height-default\" data-id=\"14f9690f\" data-element_type=\"section\" data-settings=\"{&quot;background_background&quot;:&quot;classic&quot;}\">\n\t\t\t\t\t\t<div class=\"elementor-container elementor-column-gap-no\">\n\t\t\t\t\t\t\t<div class=\"elementor-row\">\n\t\t\t\t\t<div class=\"elementor-column elementor-col-100 elementor-top-column elementor-element elementor-element-50680569\" data-id=\"50680569\" data-element_type=\"column\">\n\t\t\t<div class=\"elementor-column-wrap elementor-element-populated\">\n\t\t\t\t\t\t\t<div class=\"elementor-widget-wrap\">\n\t\t\t\t\t\t<div class=\"elementor-element elementor-element-4ab99657 elementor-shape-rounded elementor-grid-0 e-grid-align-center elementor-widget elementor-widget-social-icons\" data-id=\"4ab99657\" data-element_type=\"widget\" data-widget_type=\"social-icons.default\">\n\t\t\t\t<div class=\"elementor-widget-container\">\n\t\t\t\t\t<div class=\"elementor-social-icons-wrapper elementor-grid\">\n\t\t\t\t\t\t\t<span class=\"elementor-grid-item\">\n\t\t\t\t\t<a class=\"elementor-icon elementor-social-icon elementor-social-icon-facebook elementor-repeater-item-993ef04\" href=\"https:\/\/www.facebook.com\/DesignOnTampere\/\" target=\"_blank\">\n\t\t\t\t\t\t<span class=\"elementor-screen-only\">Facebook<\/span>\n\t\t\t\t\t\t\t\t\t\t\t\t\t<i class=\"fa fa-facebook\"><\/i>\n\t\t\t\t\t\t\t\t\t\t\t<\/a>\n\t\t\t\t<\/span>\n\t\t\t\t\t\t\t<span class=\"elementor-grid-item\">\n\t\t\t\t\t<a class=\"elementor-icon elementor-social-icon elementor-social-icon-instagram elementor-repeater-item-df87b35\" href=\"https:\/\/instagram.com\/designontampere\/\" target=\"_blank\">\n\t\t\t\t\t\t<span class=\"elementor-screen-only\">Instagram<\/span>\n\t\t\t\t\t\t\t\t\t\t\t\t\t<i class=\"fa fa-instagram\"><\/i>\n\t\t\t\t\t\t\t\t\t\t\t<\/a>\n\t\t\t\t<\/span>\n\t\t\t\t\t\t\t<span class=\"elementor-grid-item\">\n\t\t\t\t\t<a class=\"elementor-icon elementor-social-icon elementor-social-icon-twitter elementor-repeater-item-e37caf2\" href=\"https:\/\/twitter.com\/designontampere?lang=fi\" target=\"_blank\">\n\t\t\t\t\t\t<span class=\"elementor-screen-only\">Twitter<\/span>\n\t\t\t\t\t\t\t\t\t\t\t\t\t<i class=\"fa fa-twitter\"><\/i>\n\t\t\t\t\t\t\t\t\t\t\t<\/a>\n\t\t\t\t<\/span>\n\t\t\t\t\t<\/div>\n\t\t\t\t<\/div>\n\t\t\t\t<\/div>\n\t\t\t\t<div class=\"elementor-element elementor-element-6ebcc804 elementor-widget elementor-widget-heading\" data-id=\"6ebcc804\" data-element_type=\"widget\" data-widget_type=\"heading.default\">\n\t\t\t\t<div class=\"elementor-widget-container\">\n\t\t\t<div class=\"elementor-heading-title elementor-size-default\">Copyright 2026 \u00a9 All rights Reserved. DesignOnTampere ry<\/div>\t\t<\/div>\n\t\t\t\t<\/div>\n\t\t\t\t\t\t<\/div>\n\t\t\t\t\t<\/div>\n\t\t<\/div>\n\t\t\t\t\t\t\t\t<\/div>\n\t\t\t\t\t<\/div>\n\t\t<\/section>\n\t\t\t\t\t\t\t\t\t<\/div>\n\t\t\t<\/div>\n\t\t\t\t\t<\/div>\n\t\t","protected":false},"excerpt":{"rendered":"<p>DesignOnTampere Shop 40 neli\u00f6t\u00e4 kotimaista muotoilua Tampereen Sokosella4.kerros (H\u00e4meenkatu 21) DesignOnTampere Shop Tampereen Sokoksella DesignOnTampere Shop on kasvanut ja muuttanut Sokoksen 4. kerrokseen. Pirkanmaalaisten suunnittelijoiden shopissa mukana nyt: FAU, feelK, Humbugi, Kiedo, Kuppitehdas Uoma, Miatre, MUKA VA, Pispala Clothing, Poppanachic, Salmiak Studio, Viona Blu ja W\u00f8lmark Finland. Valikoimassa on laadukkaita ja tyylikk\u00e4it\u00e4 koruja, laukkuja, vaatteita, [&hellip;]<\/p>\n","protected":false},"author":2,"featured_media":0,"parent":0,"menu_order":0,"comment_status":"closed","ping_status":"closed","template":"","meta":[],"_links":{"self":[{"href":"https:\/\/vanha.designontampere.com\/Vanha\/wp-json\/wp\/v2\/pages\/1594"}],"collection":[{"href":"https:\/\/vanha.designontampere.com\/Vanha\/wp-json\/wp\/v2\/pages"}],"about":[{"href":"https:\/\/vanha.designontampere.com\/Vanha\/wp-json\/wp\/v2\/types\/page"}],"author":[{"embeddable":true,"href":"https:\/\/vanha.designontampere.com\/Vanha\/wp-json\/wp\/v2\/users\/2"}],"replies":[{"embeddable":true,"href":"https:\/\/vanha.designontampere.com\/Vanha\/wp-json\/wp\/v2\/comments?post=1594"}],"version-history":[{"count":101,"href":"https:\/\/vanha.designontampere.com\/Vanha\/wp-json\/wp\/v2\/pages\/1594\/revisions"}],"predecessor-version":[{"id":5347,"href":"https:\/\/vanha.designontampere.com\/Vanha\/wp-json\/wp\/v2\/pages\/1594\/revisions\/5347"}],"wp:attachment":[{"href":"https:\/\/vanha.designontampere.com\/Vanha\/wp-json\/wp\/v2\/media?parent=1594"}],"curies":[{"name":"wp","href":"https:\/\/api.w.org\/{rel}","templated":true}]}}