{"id":859,"date":"2018-06-10T17:59:26","date_gmt":"2018-06-10T15:59:26","guid":{"rendered":"http:\/\/vanha.designontampere.com\/Vanha\/designtori-copy\/"},"modified":"2024-04-15T12:20:39","modified_gmt":"2024-04-15T10:20:39","slug":"jasenet","status":"publish","type":"page","link":"https:\/\/vanha.designontampere.com\/Vanha\/jasenet\/","title":{"rendered":"J\u00e4senet"},"content":{"rendered":"\t\t<div data-elementor-type=\"wp-post\" data-elementor-id=\"859\" class=\"elementor elementor-859\">\n\t\t\t\t\t\t<div class=\"elementor-inner\">\n\t\t\t\t<div class=\"elementor-section-wrap\">\n\t\t\t\t\t\t\t\t\t<section class=\"elementor-section elementor-top-section elementor-element elementor-element-ea4f017 elementor-section-boxed elementor-section-height-default elementor-section-height-default\" data-id=\"ea4f017\" data-element_type=\"section\">\n\t\t\t\t\t\t<div class=\"elementor-container elementor-column-gap-default\">\n\t\t\t\t\t\t\t<div class=\"elementor-row\">\n\t\t\t\t\t<div class=\"elementor-column elementor-col-100 elementor-top-column elementor-element elementor-element-0c721f0\" data-id=\"0c721f0\" data-element_type=\"column\">\n\t\t\t<div class=\"elementor-column-wrap elementor-element-populated\">\n\t\t\t\t\t\t\t<div class=\"elementor-widget-wrap\">\n\t\t\t\t\t\t<div class=\"elementor-element elementor-element-12d71cb4 elementor-widget elementor-widget-text-editor\" data-id=\"12d71cb4\" data-element_type=\"widget\" data-widget_type=\"text-editor.default\">\n\t\t\t\t<div class=\"elementor-widget-container\">\n\t\t\t\t\t\t\t\t<div class=\"elementor-text-editor elementor-clearfix\">\n\t\t\t\t<p>J\u00e4senet<\/p>\t\t\t\t\t<\/div>\n\t\t\t\t\t\t<\/div>\n\t\t\t\t<\/div>\n\t\t\t\t<div class=\"elementor-element elementor-element-f8525e9 elementor-widget elementor-widget-text-editor\" data-id=\"f8525e9\" data-element_type=\"widget\" data-widget_type=\"text-editor.default\">\n\t\t\t\t<div class=\"elementor-widget-container\">\n\t\t\t\t\t\t\t\t<div class=\"elementor-text-editor elementor-clearfix\">\n\t\t\t\t<p>DesignOnTampere ry (DOT) on tamperelaisten eri alojen suunnittelijoiden vuonna 2010 perustama rekister\u00f6ity yhdistys. DOT kehitt\u00e4\u00e4 muotoilu- ja kaupunkikulttuuria Tampereella.<\/p>\t\t\t\t\t<\/div>\n\t\t\t\t\t\t<\/div>\n\t\t\t\t<\/div>\n\t\t\t\t<section class=\"elementor-section elementor-inner-section elementor-element elementor-element-4b9c1dc elementor-section-boxed elementor-section-height-default elementor-section-height-default\" data-id=\"4b9c1dc\" data-element_type=\"section\">\n\t\t\t\t\t\t<div class=\"elementor-container elementor-column-gap-default\">\n\t\t\t\t\t\t\t<div class=\"elementor-row\">\n\t\t\t\t\t<div class=\"elementor-column elementor-col-33 elementor-inner-column elementor-element elementor-element-175cd2e\" data-id=\"175cd2e\" data-element_type=\"column\">\n\t\t\t<div class=\"elementor-column-wrap elementor-element-populated\">\n\t\t\t\t\t\t\t<div class=\"elementor-widget-wrap\">\n\t\t\t\t\t\t<div class=\"elementor-element elementor-element-b3e7142 elementor-widget elementor-widget-text-editor\" data-id=\"b3e7142\" data-element_type=\"widget\" data-widget_type=\"text-editor.default\">\n\t\t\t\t<div class=\"elementor-widget-container\">\n\t\t\t\t\t\t\t\t<div class=\"elementor-text-editor elementor-clearfix\">\n\t\t\t\t<p>YRITYSJ\u00c4SENET:<\/p><ul><li><span style=\"text-decoration: underline;\"><a href=\"https:\/\/aarrelabel.com\/\" target=\"_blank\" rel=\"noopener\">Aarrelabel<\/a><\/span><\/li><li><span style=\"text-decoration: underline;\"><a href=\"https:\/\/feelk.fi\/\" target=\"_blank\" rel=\"noopener\">feelK<\/a><\/span><\/li><li><span style=\"text-decoration: underline;\"><a href=\"https:\/\/www.kiedo.fi\/\" target=\"_blank\" rel=\"noopener\">Kiedo<\/a><\/span><\/li><li><span style=\"text-decoration: underline;\"><a href=\"https:\/\/miatre.fi\/\" target=\"_blank\" rel=\"noopener\">Miatre<\/a><\/span><\/li><li><span style=\"text-decoration: underline;\"><a href=\"https:\/\/www.mieladesignroom.fi\/\" target=\"_blank\" rel=\"noopener\">Miela Designroom<\/a><\/span><\/li><li><span style=\"text-decoration: underline;\"><a href=\"https:\/\/www.palmroth.fi\/\" target=\"_blank\" rel=\"noopener\">Palmroth<\/a><\/span><\/li><li><span style=\"text-decoration: underline;\"><a href=\"https:\/\/pappilansundayshop.com\/\" target=\"_blank\" rel=\"noopener\">Pappilan Sunday Shop<\/a><\/span><\/li><li><span style=\"text-decoration: underline;\"><a href=\"https:\/\/www.pispalaclothing.com\/\" target=\"_blank\" rel=\"noopener\">Pispala Clothing<\/a><\/span><\/li><li><a href=\"https:\/\/www.riiminka.fi\/\"><span style=\"text-decoration: underline;\">Riiminka<\/span><\/a><\/li><li><span style=\"text-decoration: underline;\"><a href=\"https:\/\/thinktoday.fi\/\" target=\"_blank\" rel=\"noopener\">Think Today<\/a><\/span><\/li><li><span style=\"text-decoration: underline;\"><a href=\"https:\/\/uhanadesign.com\/\" target=\"_blank\" rel=\"noopener\">UHANA<\/a><\/span><\/li><li><span style=\"text-decoration: underline;\"><a href=\"https:\/\/www.vionablu.com\/fi\" target=\"_blank\" rel=\"noopener\">Viona Blu<\/a><\/span><\/li><li><span style=\"text-decoration: underline;\"><a href=\"https:\/\/wolmark.fi\/?gclid=Cj0KCQiA6vaqBhCbARIsACF9M6nDJR6dR-l3gVh_z5ZYTEEt8FYS1o8namgOuwvk3ecENzPTDrASENkaArt5EALw_wcB\" target=\"_blank\" rel=\"noopener\">W\u00f8lmark Finland<\/a><\/span><\/li><\/ul>\t\t\t\t\t<\/div>\n\t\t\t\t\t\t<\/div>\n\t\t\t\t<\/div>\n\t\t\t\t\t\t<\/div>\n\t\t\t\t\t<\/div>\n\t\t<\/div>\n\t\t\t\t<div class=\"elementor-column elementor-col-66 elementor-inner-column elementor-element elementor-element-b0eb5dd\" data-id=\"b0eb5dd\" data-element_type=\"column\">\n\t\t\t<div class=\"elementor-column-wrap elementor-element-populated\">\n\t\t\t\t\t\t\t<div class=\"elementor-widget-wrap\">\n\t\t\t\t\t\t<div class=\"elementor-element elementor-element-12c5882 elementor-widget elementor-widget-text-editor\" data-id=\"12c5882\" data-element_type=\"widget\" data-widget_type=\"text-editor.default\">\n\t\t\t\t<div class=\"elementor-widget-container\">\n\t\t\t\t\t\t\t\t<div class=\"elementor-text-editor elementor-clearfix\">\n\t\t\t\t<p>HENKIL\u00d6J\u00c4SENET:<\/p>\n<ul>\n<li>Anna Kurkela (<a href=\"https:\/\/papudesign.fi\/\" target=\"_blank\" rel=\"noopener\"><span style=\"text-decoration: underline;\">Papu<\/span><\/a>, <a href=\"https:\/\/www.weecos.com\/\" target=\"_blank\" rel=\"noopener\"><span style=\"text-decoration: underline;\">Weecos<\/span><\/a>)<\/li>\n<li>Anna Mattelm\u00e4ki (<a href=\"https:\/\/mukava.net\/\" target=\"_blank\" rel=\"noopener\"><span style=\"text-decoration: underline;\">MUKA VA<\/span><\/a>)<\/li>\n<li>Anna Pylsy (<a href=\"https:\/\/majastyle.fi\/\" target=\"_blank\" rel=\"noopener\"><span style=\"text-decoration: underline;\">Maja Style<\/span><\/a>)<\/li>\n<li>Anna Reilin (<a href=\"https:\/\/www.nouki.fi\/\" target=\"_blank\" rel=\"noopener\"><span style=\"text-decoration: underline;\">Nouki<\/span><\/a>)<\/li>\n<li>Anne Kuntola (<a href=\"https:\/\/kuppitehdasuoma.fi\/\" target=\"_blank\" rel=\"noopener\"><span style=\"text-decoration: underline;\">Kuppitehdas Uoma<\/span><\/a>)<\/li>\n<li>Anni Jokinen (<a href=\"https:\/\/humbugi.com\/\" target=\"_blank\" rel=\"noopener\"><span style=\"text-decoration: underline;\">Humbugi<\/span><\/a>)<\/li>\n<li>Anni Kaita-Aho (<a href=\"https:\/\/www.karina.fi\/\" target=\"_blank\" rel=\"noopener\"><span style=\"text-decoration: underline;\">KARINA<\/span><\/a>)<\/li>\n<li>Eeva M\u00e4kel\u00e4 (<a href=\"https:\/\/kuppitehdasuoma.fi\/\" target=\"_blank\" rel=\"noopener\"><span style=\"text-decoration: underline;\">Kuppitehdas Uoma<\/span><\/a>)<\/li>\n<li>Fanni Ala-Uotila (<a href=\"https:\/\/www.fau.fi\/\" target=\"_blank\" rel=\"noopener\"><span style=\"text-decoration: underline;\">FAU<\/span><\/a>)<\/li>\n<li>Jaakko Rantanen<\/li>\n<li>Kaisa Maansalo (<a href=\"https:\/\/salmiakstudio.fi\/\" target=\"_blank\" rel=\"noopener\"><span style=\"text-decoration: underline;\">Salmiak Studio<\/span><\/a>)<\/li>\n<li>Karita Rantanen<\/li>\n<li>Katri Kuukkanen (<a href=\"https:\/\/poppanachic.com\/\"><span style=\"text-decoration: underline;\">Poppanachic<\/span><\/a>)<\/li>\n<li>Leena Aalto (<a href=\"https:\/\/www.facebook.com\/vintagegardentampere\/\" target=\"_blank\" rel=\"noopener\"><span style=\"text-decoration: underline;\">Vintage Garden<\/span><\/a>)<\/li>\n<li><a href=\"https:\/\/www.leenahyttinen.fi\/fi\/\" target=\"_blank\" rel=\"noopener\"><span style=\"text-decoration: underline;\">Leena Hyttinen<\/span><\/a><\/li>\n<li>Liisa Urrila<\/li>\n<li>Maria Paukkunen (<a href=\"https:\/\/www.iidee.fi\/\" target=\"_blank\" rel=\"noopener\"><span style=\"text-decoration: underline;\">Iidee<\/span><\/a>)<\/li>\n<li>Merja H\u00e4iki\u00f6<\/li>\n<li>Pauliina Pajunen <a href=\"https:\/\/www.aleksiinadesign.com\/\"><span style=\"text-decoration: underline;\">(Aleksiina Design)<\/span><\/a><\/li>\n<li>Riikka Peltola<\/li>\n<li>Saara Naskali (<a href=\"https:\/\/www.nouki.fi\/\" target=\"_blank\" rel=\"noopener\"><span style=\"text-decoration: underline;\">Nouki<\/span><\/a>)<\/li>\n<li>Sari Matikka (<a href=\"http:\/\/www.leiyaproducts.com\/\" target=\"_blank\" rel=\"noopener\"><span style=\"text-decoration: underline;\">LEIYA products<\/span><\/a>)<\/li>\n<li>Taru Hein\u00e4nen<\/li>\n<li>Turkka Koivisto (<a href=\"https:\/\/www.nousut.fi\/\" target=\"_blank\" rel=\"noopener\"><span style=\"text-decoration: underline;\">Nousu<\/span><\/a>)<\/li>\n<li>Veera Nisula (K\u00e4rmes)<\/li>\n<\/ul>\t\t\t\t\t<\/div>\n\t\t\t\t\t\t<\/div>\n\t\t\t\t<\/div>\n\t\t\t\t\t\t<\/div>\n\t\t\t\t\t<\/div>\n\t\t<\/div>\n\t\t\t\t\t\t\t\t<\/div>\n\t\t\t\t\t<\/div>\n\t\t<\/section>\n\t\t\t\t<div class=\"elementor-element elementor-element-ab83de0 elementor-widget elementor-widget-text-editor\" data-id=\"ab83de0\" data-element_type=\"widget\" data-widget_type=\"text-editor.default\">\n\t\t\t\t<div class=\"elementor-widget-container\">\n\t\t\t\t\t\t\t\t<div class=\"elementor-text-editor elementor-clearfix\">\n\t\t\t\t\t\t\t\t\t<\/div>\n\t\t\t\t\t\t<\/div>\n\t\t\t\t<\/div>\n\t\t\t\t\t\t<\/div>\n\t\t\t\t\t<\/div>\n\t\t<\/div>\n\t\t\t\t\t\t\t\t<\/div>\n\t\t\t\t\t<\/div>\n\t\t<\/section>\n\t\t\t\t\t\t\t\t\t<\/div>\n\t\t\t<\/div>\n\t\t\t\t\t<\/div>\n\t\t","protected":false},"excerpt":{"rendered":"<p>J\u00e4senet DesignOnTampere ry (DOT) on tamperelaisten eri alojen suunnittelijoiden vuonna 2010 perustama rekister\u00f6ity yhdistys. DOT kehitt\u00e4\u00e4 muotoilu- ja kaupunkikulttuuria Tampereella. YRITYSJ\u00c4SENET: Aarrelabel feelK Kiedo Miatre Miela Designroom Palmroth Pappilan Sunday Shop Pispala Clothing Riiminka Think Today UHANA Viona Blu W\u00f8lmark Finland HENKIL\u00d6J\u00c4SENET: Anna Kurkela (Papu, Weecos) Anna Mattelm\u00e4ki (MUKA VA) Anna Pylsy (Maja Style) Anna [&hellip;]<\/p>\n","protected":false},"author":2,"featured_media":0,"parent":0,"menu_order":0,"comment_status":"closed","ping_status":"closed","template":"","meta":[],"_links":{"self":[{"href":"https:\/\/vanha.designontampere.com\/Vanha\/wp-json\/wp\/v2\/pages\/859"}],"collection":[{"href":"https:\/\/vanha.designontampere.com\/Vanha\/wp-json\/wp\/v2\/pages"}],"about":[{"href":"https:\/\/vanha.designontampere.com\/Vanha\/wp-json\/wp\/v2\/types\/page"}],"author":[{"embeddable":true,"href":"https:\/\/vanha.designontampere.com\/Vanha\/wp-json\/wp\/v2\/users\/2"}],"replies":[{"embeddable":true,"href":"https:\/\/vanha.designontampere.com\/Vanha\/wp-json\/wp\/v2\/comments?post=859"}],"version-history":[{"count":155,"href":"https:\/\/vanha.designontampere.com\/Vanha\/wp-json\/wp\/v2\/pages\/859\/revisions"}],"predecessor-version":[{"id":5359,"href":"https:\/\/vanha.designontampere.com\/Vanha\/wp-json\/wp\/v2\/pages\/859\/revisions\/5359"}],"wp:attachment":[{"href":"https:\/\/vanha.designontampere.com\/Vanha\/wp-json\/wp\/v2\/media?parent=859"}],"curies":[{"name":"wp","href":"https:\/\/api.w.org\/{rel}","templated":true}]}}