{"id":879,"date":"2018-06-10T18:48:59","date_gmt":"2018-06-10T16:48:59","guid":{"rendered":"http:\/\/vanha.designontampere.com\/Vanha\/designtori-copy-3\/"},"modified":"2023-12-16T16:38:20","modified_gmt":"2023-12-16T14:38:20","slug":"haku","status":"publish","type":"page","link":"https:\/\/vanha.designontampere.com\/Vanha\/haku\/","title":{"rendered":"J\u00e4senhaku"},"content":{"rendered":"\t\t<div data-elementor-type=\"wp-post\" data-elementor-id=\"879\" class=\"elementor elementor-879\">\n\t\t\t\t\t\t<div class=\"elementor-inner\">\n\t\t\t\t<div class=\"elementor-section-wrap\">\n\t\t\t\t\t\t\t\t\t<section class=\"elementor-section elementor-top-section elementor-element elementor-element-ea4f017 elementor-section-boxed elementor-section-height-default elementor-section-height-default\" data-id=\"ea4f017\" data-element_type=\"section\">\n\t\t\t\t\t\t<div class=\"elementor-container elementor-column-gap-default\">\n\t\t\t\t\t\t\t<div class=\"elementor-row\">\n\t\t\t\t\t<div class=\"elementor-column elementor-col-100 elementor-top-column elementor-element elementor-element-5035b28\" data-id=\"5035b28\" data-element_type=\"column\">\n\t\t\t<div class=\"elementor-column-wrap elementor-element-populated\">\n\t\t\t\t\t\t\t<div class=\"elementor-widget-wrap\">\n\t\t\t\t\t\t<div class=\"elementor-element elementor-element-12d71cb4 elementor-widget elementor-widget-text-editor\" data-id=\"12d71cb4\" data-element_type=\"widget\" data-widget_type=\"text-editor.default\">\n\t\t\t\t<div class=\"elementor-widget-container\">\n\t\t\t\t\t\t\t\t<div class=\"elementor-text-editor elementor-clearfix\">\n\t\t\t\t<p>J\u00e4senhaku<\/p>\t\t\t\t\t<\/div>\n\t\t\t\t\t\t<\/div>\n\t\t\t\t<\/div>\n\t\t\t\t<div class=\"elementor-element elementor-element-f8525e9 elementor-widget elementor-widget-text-editor\" data-id=\"f8525e9\" data-element_type=\"widget\" data-widget_type=\"text-editor.default\">\n\t\t\t\t<div class=\"elementor-widget-container\">\n\t\t\t\t\t\t\t\t<div class=\"elementor-text-editor elementor-clearfix\">\n\t\t\t\t<p>DesignOnTampere yhdistykseen on mahdollista liitty\u00e4 j\u00e4seneksi yksityishenkil\u00f6n\u00e4, opiskelija-, yritys- ja kannatusj\u00e4senen\u00e4. Kannatusj\u00e4senell\u00e4 ei ole \u00e4\u00e4nioikeutta. J\u00e4senyytt\u00e4 haetaan l\u00e4hett\u00e4m\u00e4ll\u00e4 vapaamuotoinen hakemus henkil\u00f6tietoineen ja kuvia t\u00f6ist\u00e4 s\u00e4hk\u00f6postitse osoitteeseen: designontampere@gmail.com. Hakemukset k\u00e4sittelee yhdistyksen hallitus kaksi kertaa vuodessa.<\/p>\t\t\t\t\t<\/div>\n\t\t\t\t\t\t<\/div>\n\t\t\t\t<\/div>\n\t\t\t\t\t\t<\/div>\n\t\t\t\t\t<\/div>\n\t\t<\/div>\n\t\t\t\t\t\t\t\t<\/div>\n\t\t\t\t\t<\/div>\n\t\t<\/section>\n\t\t\t\t<section class=\"elementor-section elementor-top-section elementor-element elementor-element-6130331 elementor-section-boxed elementor-section-height-default elementor-section-height-default\" data-id=\"6130331\" data-element_type=\"section\">\n\t\t\t\t\t\t<div class=\"elementor-container elementor-column-gap-default\">\n\t\t\t\t\t\t\t<div class=\"elementor-row\">\n\t\t\t\t\t<div class=\"elementor-column elementor-col-33 elementor-top-column elementor-element elementor-element-1357da6\" data-id=\"1357da6\" data-element_type=\"column\">\n\t\t\t<div class=\"elementor-column-wrap elementor-element-populated\">\n\t\t\t\t\t\t\t<div class=\"elementor-widget-wrap\">\n\t\t\t\t\t\t<div class=\"elementor-element elementor-element-dc10fbc elementor-widget elementor-widget-text-editor\" data-id=\"dc10fbc\" data-element_type=\"widget\" data-widget_type=\"text-editor.default\">\n\t\t\t\t<div class=\"elementor-widget-container\">\n\t\t\t\t\t\t\t\t<div class=\"elementor-text-editor elementor-clearfix\">\n\t\t\t\tJ\u00e4seneksi voi hakea henkil\u00f6 tai yritys, joka on osallistunut aiemmin yhdistyksen j\u00e4rjest\u00e4m\u00e4\u00e4n toimintaan (ei koske kannattajaj\u00e4senyytt\u00e4). Yhdistyksen toiminnan l\u00e4ht\u00f6kohtana on yhdess\u00e4 tekeminen, mink\u00e4 vuoksi on t\u00e4rke\u00e4\u00e4, ett\u00e4 jokaisella j\u00e4seneksi hakevalla on ennakkoon kokemusta yhdistyksen toiminnasta. J\u00e4senhakemuksen hyv\u00e4ksymist\u00e4 t\u00e4ytyy puoltaa v\u00e4hint\u00e4\u00e4n yksi hallituksen j\u00e4sen.\t\t\t\t\t<\/div>\n\t\t\t\t\t\t<\/div>\n\t\t\t\t<\/div>\n\t\t\t\t\t\t<\/div>\n\t\t\t\t\t<\/div>\n\t\t<\/div>\n\t\t\t\t<div class=\"elementor-column elementor-col-33 elementor-top-column elementor-element elementor-element-1883af2\" data-id=\"1883af2\" data-element_type=\"column\">\n\t\t\t<div class=\"elementor-column-wrap elementor-element-populated\">\n\t\t\t\t\t\t\t<div class=\"elementor-widget-wrap\">\n\t\t\t\t\t\t<div class=\"elementor-element elementor-element-017c269 elementor-widget elementor-widget-text-editor\" data-id=\"017c269\" data-element_type=\"widget\" data-widget_type=\"text-editor.default\">\n\t\t\t\t<div class=\"elementor-widget-container\">\n\t\t\t\t\t\t\t\t<div class=\"elementor-text-editor elementor-clearfix\">\n\t\t\t\tYhdistys hakee j\u00e4senikseen ammattitaitoisia ihmisi\u00e4, joilla on halu olla mukana kehitt\u00e4m\u00e4ss\u00e4 Tamperelaista kaupunkikulttuuria ja muotoilualan n\u00e4kyvyytt\u00e4 paikallisesti sek\u00e4 kansainv\u00e4lisesti. Yhdistyksen j\u00e4senet edustavat luovia aloja muotoilusta valokuvaukseen ja graafiseen suunnitteluun. Yhdistyksen j\u00e4senen\u00e4 on mahdollisuus osallistua yhteis\u00f6lliseen vaikuttamiseen ja tuoda omaa ammattitaitoa esille yhdistyksen kautta. Yhdistys edellytt\u00e4\u00e4 ett\u00e4 j\u00e4senten toiminta edist\u00e4\u00e4 yhdistyksen p\u00e4\u00e4m\u00e4\u00e4ri\u00e4.\t\t\t\t\t<\/div>\n\t\t\t\t\t\t<\/div>\n\t\t\t\t<\/div>\n\t\t\t\t\t\t<\/div>\n\t\t\t\t\t<\/div>\n\t\t<\/div>\n\t\t\t\t<div class=\"elementor-column elementor-col-33 elementor-top-column elementor-element elementor-element-f303fdc\" data-id=\"f303fdc\" data-element_type=\"column\">\n\t\t\t<div class=\"elementor-column-wrap elementor-element-populated\">\n\t\t\t\t\t\t\t<div class=\"elementor-widget-wrap\">\n\t\t\t\t\t\t<div class=\"elementor-element elementor-element-7504e83 elementor-widget elementor-widget-text-editor\" data-id=\"7504e83\" data-element_type=\"widget\" data-widget_type=\"text-editor.default\">\n\t\t\t\t<div class=\"elementor-widget-container\">\n\t\t\t\t\t\t\t\t<div class=\"elementor-text-editor elementor-clearfix\">\n\t\t\t\tHenkil\u00f6- ja opiskelijaj\u00e4seneksi hakevan on toimitettava hakemuksen yhteydess\u00e4 cv ja portfolio. Portfolion tarkoituksena on esitell\u00e4 tiiviisti, 1-4 kuvan ja kuvatekstin avulla, hakijan aiempaa ammatillista ja taiteellista osaamista. Yhdistyksen j\u00e4senmaksu kattaa aina meneill\u00e4\u00e4n olevan kalenterivuoden.\t\t\t\t\t<\/div>\n\t\t\t\t\t\t<\/div>\n\t\t\t\t<\/div>\n\t\t\t\t\t\t<\/div>\n\t\t\t\t\t<\/div>\n\t\t<\/div>\n\t\t\t\t\t\t\t\t<\/div>\n\t\t\t\t\t<\/div>\n\t\t<\/section>\n\t\t\t\t\t\t\t\t\t<\/div>\n\t\t\t<\/div>\n\t\t\t\t\t<\/div>\n\t\t","protected":false},"excerpt":{"rendered":"<p>J\u00e4senhaku DesignOnTampere yhdistykseen on mahdollista liitty\u00e4 j\u00e4seneksi yksityishenkil\u00f6n\u00e4, opiskelija-, yritys- ja kannatusj\u00e4senen\u00e4. Kannatusj\u00e4senell\u00e4 ei ole \u00e4\u00e4nioikeutta. J\u00e4senyytt\u00e4 haetaan l\u00e4hett\u00e4m\u00e4ll\u00e4 vapaamuotoinen hakemus henkil\u00f6tietoineen ja kuvia t\u00f6ist\u00e4 s\u00e4hk\u00f6postitse osoitteeseen: designontampere@gmail.com. Hakemukset k\u00e4sittelee yhdistyksen hallitus kaksi kertaa vuodessa. J\u00e4seneksi voi hakea henkil\u00f6 tai yritys, joka on osallistunut aiemmin yhdistyksen j\u00e4rjest\u00e4m\u00e4\u00e4n toimintaan (ei koske kannattajaj\u00e4senyytt\u00e4). Yhdistyksen toiminnan l\u00e4ht\u00f6kohtana on [&hellip;]<\/p>\n","protected":false},"author":2,"featured_media":0,"parent":0,"menu_order":0,"comment_status":"closed","ping_status":"closed","template":"","meta":[],"_links":{"self":[{"href":"https:\/\/vanha.designontampere.com\/Vanha\/wp-json\/wp\/v2\/pages\/879"}],"collection":[{"href":"https:\/\/vanha.designontampere.com\/Vanha\/wp-json\/wp\/v2\/pages"}],"about":[{"href":"https:\/\/vanha.designontampere.com\/Vanha\/wp-json\/wp\/v2\/types\/page"}],"author":[{"embeddable":true,"href":"https:\/\/vanha.designontampere.com\/Vanha\/wp-json\/wp\/v2\/users\/2"}],"replies":[{"embeddable":true,"href":"https:\/\/vanha.designontampere.com\/Vanha\/wp-json\/wp\/v2\/comments?post=879"}],"version-history":[{"count":22,"href":"https:\/\/vanha.designontampere.com\/Vanha\/wp-json\/wp\/v2\/pages\/879\/revisions"}],"predecessor-version":[{"id":4800,"href":"https:\/\/vanha.designontampere.com\/Vanha\/wp-json\/wp\/v2\/pages\/879\/revisions\/4800"}],"wp:attachment":[{"href":"https:\/\/vanha.designontampere.com\/Vanha\/wp-json\/wp\/v2\/media?parent=879"}],"curies":[{"name":"wp","href":"https:\/\/api.w.org\/{rel}","templated":true}]}}